{"id":2904,"date":"2023-05-08T10:36:27","date_gmt":"2023-05-08T10:36:27","guid":{"rendered":"https:\/\/www.sidreriasalaberria.com\/bar\/"},"modified":"2023-11-23T13:01:06","modified_gmt":"2023-11-23T13:01:06","slug":"bar","status":"publish","type":"page","link":"https:\/\/www.sidreriasalaberria.com\/fr\/bar\/","title":{"rendered":"Bar"},"content":{"rendered":"\t\t<div data-elementor-type=\"wp-page\" data-elementor-id=\"2904\" class=\"elementor elementor-2904 elementor-2171\" data-elementor-post-type=\"page\">\n\t\t\t\t\t\t\t\t\t<section class=\"elementor-section elementor-top-section elementor-element elementor-element-8af866f elementor-section-boxed elementor-section-height-default elementor-section-height-default\" data-id=\"8af866f\" data-element_type=\"section\">\n\t\t\t\t\t\t<div class=\"elementor-container elementor-column-gap-default\">\n\t\t\t\t\t<div class=\"elementor-column elementor-col-50 elementor-top-column elementor-element elementor-element-447d388\" data-id=\"447d388\" data-element_type=\"column\">\n\t\t\t<div class=\"elementor-widget-wrap elementor-element-populated\">\n\t\t\t\t\t\t\t\t<div class=\"elementor-element elementor-element-f1cccfa home-title-el title-headline-el elementor-widget elementor-widget-heading\" data-id=\"f1cccfa\" data-element_type=\"widget\" data-widget_type=\"heading.default\">\n\t\t\t\t<div class=\"elementor-widget-container\">\n\t\t\t<style>\/*! elementor - v3.17.0 - 08-11-2023 *\/\n.elementor-heading-title{padding:0;margin:0;line-height:1}.elementor-widget-heading .elementor-heading-title[class*=elementor-size-]>a{color:inherit;font-size:inherit;line-height:inherit}.elementor-widget-heading .elementor-heading-title.elementor-size-small{font-size:15px}.elementor-widget-heading .elementor-heading-title.elementor-size-medium{font-size:19px}.elementor-widget-heading .elementor-heading-title.elementor-size-large{font-size:29px}.elementor-widget-heading .elementor-heading-title.elementor-size-xl{font-size:39px}.elementor-widget-heading .elementor-heading-title.elementor-size-xxl{font-size:59px}<\/style><h2 class=\"elementor-heading-title elementor-size-default\">PROFITEZ DE NOTRE BAR<\/h2>\t\t<\/div>\n\t\t\t\t<\/div>\n\t\t\t\t<div class=\"elementor-element elementor-element-c29e04a elementor-widget elementor-widget-heading\" data-id=\"c29e04a\" data-element_type=\"widget\" data-widget_type=\"heading.default\">\n\t\t\t\t<div class=\"elementor-widget-container\">\n\t\t\t<p class=\"elementor-heading-title elementor-size-default\">La cidrerie Salaberria dispose d'une grande caf\u00e9t\u00e9ria et d'un espace bar avec des tables et un bar.\n <br><br>\nVous pouvez commencer la matin\u00e9e par un petit-d\u00e9jeuner vari\u00e9 et complet, ou prendre des en-cas et des tapas.\n <br><br>\nNous disposons d'une carte de bar bien fournie qui comprend des en-cas chauds et froids, des tapas, des sandwichs et des tartines, le tout accompagn\u00e9 d'une magnifique s\u00e9lection de vins, de bi\u00e8res et de boissons non alcoolis\u00e9es.\n<\/p>\t\t<\/div>\n\t\t\t\t<\/div>\n\t\t\t\t\t<\/div>\n\t\t<\/div>\n\t\t\t\t<div class=\"elementor-column elementor-col-50 elementor-top-column elementor-element elementor-element-4a4f70a\" data-id=\"4a4f70a\" data-element_type=\"column\">\n\t\t\t<div class=\"elementor-widget-wrap elementor-element-populated\">\n\t\t\t\t\t\t\t\t<div class=\"elementor-element elementor-element-94e1360 elementor-widget elementor-widget-image\" data-id=\"94e1360\" data-element_type=\"widget\" data-widget_type=\"image.default\">\n\t\t\t\t<div class=\"elementor-widget-container\">\n\t\t\t<style>\/*! elementor - v3.17.0 - 08-11-2023 *\/\n.elementor-widget-image{text-align:center}.elementor-widget-image a{display:inline-block}.elementor-widget-image a img[src$=\".svg\"]{width:48px}.elementor-widget-image img{vertical-align:middle;display:inline-block}<\/style>\t\t\t\t\t\t\t\t\t\t\t\t<img loading=\"lazy\" decoding=\"async\" width=\"1024\" height=\"683\" src=\"https:\/\/www.sidreriasalaberria.com\/wp-content\/uploads\/2023\/06\/surtido-pintxos-espanoles-1024x683.jpg\" class=\"attachment-large size-large wp-image-2467\" alt=\"\" srcset=\"https:\/\/www.sidreriasalaberria.com\/wp-content\/uploads\/2023\/06\/surtido-pintxos-espanoles-1024x683.jpg 1024w, https:\/\/www.sidreriasalaberria.com\/wp-content\/uploads\/2023\/06\/surtido-pintxos-espanoles-300x200.jpg 300w, https:\/\/www.sidreriasalaberria.com\/wp-content\/uploads\/2023\/06\/surtido-pintxos-espanoles-768x512.jpg 768w, https:\/\/www.sidreriasalaberria.com\/wp-content\/uploads\/2023\/06\/surtido-pintxos-espanoles-1536x1024.jpg 1536w, https:\/\/www.sidreriasalaberria.com\/wp-content\/uploads\/2023\/06\/surtido-pintxos-espanoles-2048x1365.jpg 2048w\" sizes=\"auto, (max-width: 1024px) 100vw, 1024px\" \/>\t\t\t\t\t\t\t\t\t\t\t\t\t\t\t<\/div>\n\t\t\t\t<\/div>\n\t\t\t\t\t<\/div>\n\t\t<\/div>\n\t\t\t\t\t\t\t<\/div>\n\t\t<\/section>\n\t\t\t\t<section class=\"elementor-section elementor-top-section elementor-element elementor-element-0c7ec40 elementor-section-boxed elementor-section-height-default elementor-section-height-default\" data-id=\"0c7ec40\" data-element_type=\"section\">\n\t\t\t\t\t\t<div class=\"elementor-container elementor-column-gap-default\">\n\t\t\t\t\t<div class=\"elementor-column elementor-col-100 elementor-top-column elementor-element elementor-element-7a6151d\" data-id=\"7a6151d\" data-element_type=\"column\">\n\t\t\t<div class=\"elementor-widget-wrap elementor-element-populated\">\n\t\t\t\t\t\t\t\t<div class=\"elementor-element elementor-element-98b9127 home-title-el title-headline-el elementor-widget elementor-widget-heading\" data-id=\"98b9127\" data-element_type=\"widget\" data-widget_type=\"heading.default\">\n\t\t\t\t<div class=\"elementor-widget-container\">\n\t\t\t<h2 class=\"elementor-heading-title elementor-size-default\">La carte<\/h2>\t\t<\/div>\n\t\t\t\t<\/div>\n\t\t\t\t<div class=\"elementor-element elementor-element-00ac8db elementor-widget elementor-widget-eael-adv-accordion\" data-id=\"00ac8db\" data-element_type=\"widget\" data-widget_type=\"eael-adv-accordion.default\">\n\t\t\t\t<div class=\"elementor-widget-container\">\n\t\t\t        <div class=\"eael-adv-accordion\" id=\"eael-adv-accordion-00ac8db\" data-scroll-on-click=\"no\" data-scroll-speed=\"300\" data-accordion-id=\"00ac8db\" data-accordion-type=\"accordion\" data-toogle-speed=\"300\">\n    <div class=\"eael-accordion-list\">\n                <div id=\"pinchos-froides\" class=\"elementor-tab-title eael-accordion-header\" tabindex=\"0\" data-tab=\"1\" aria-controls=\"elementor-tab-content-7061\"><span class=\"eael-advanced-accordion-icon-closed\"><i aria-hidden=\"true\" class=\"fa-accordion-icon fas fa-plus\"><\/i><\/span><span class=\"eael-advanced-accordion-icon-opened\"><i aria-hidden=\"true\" class=\"fa-accordion-icon fas fa-minus\"><\/i><\/span><span class=\"eael-accordion-tab-title\">Pinchos Froides<\/span><i aria-hidden=\"true\" class=\"fa-toggle fas fa-angle-right\"><\/i><\/div><div id=\"elementor-tab-content-7061\" class=\"eael-accordion-content clearfix\" data-tab=\"1\" aria-labelledby=\"pinchos-froides\"><table border=\"0\" cellspacing=\"0\" cellpadding=\"0\">\n<tbody>\n<tr>\n<td>Gilda<\/td>\n<td>2.00\u20ac<\/td>\n<\/tr>\n<tr>\n<td>Oeuf aux crevettes<\/td>\n<td>2.50\u20ac<\/td>\n<\/tr>\n<tr>\n<td>Chatka<\/td>\n<td>2.50\u20ac<\/td>\n<\/tr>\n<tr>\n<td>Thon et mayonnaise<\/td>\n<td>2.50\u20ac<\/td>\n<\/tr>\n<tr>\n<td>Salade russe<\/td>\n<td>2.50\u20ac<\/td>\n<\/tr>\n<tr>\n<td>Tourte au merlu<\/td>\n<td>2.70\u20ac<\/td>\n<\/tr>\n<tr>\n<td>Mini jambon ib\u00e9rique<\/td>\n<td>2.70\u20ac<\/td>\n<\/tr>\n<tr>\n<td>Mini Jambon Ib\u00e9rique et Fromage ou Poivron Vert<\/td>\n<td>2.80\u20ac<\/td>\n<\/tr>\n<\/tbody>\n<\/table>\n<\/div>\n                <\/div><div class=\"eael-accordion-list\">\n                <div id=\"pinchos-chaud\" class=\"elementor-tab-title eael-accordion-header\" tabindex=\"0\" data-tab=\"2\" aria-controls=\"elementor-tab-content-7062\"><span class=\"eael-advanced-accordion-icon-closed\"><i aria-hidden=\"true\" class=\"fa-accordion-icon fas fa-plus\"><\/i><\/span><span class=\"eael-advanced-accordion-icon-opened\"><i aria-hidden=\"true\" class=\"fa-accordion-icon fas fa-minus\"><\/i><\/span><span class=\"eael-accordion-tab-title\">Pinchos Chaud<\/span><i aria-hidden=\"true\" class=\"fa-toggle fas fa-angle-right\"><\/i><\/div><div id=\"elementor-tab-content-7062\" class=\"eael-accordion-content clearfix\" data-tab=\"2\" aria-labelledby=\"pinchos-chaud\"><table border=\"0\" cellspacing=\"0\" cellpadding=\"0\">\n<tbody>\n<tr>\n<td>Txistorra<\/td>\n<td>2.60\u20ac<\/td>\n<\/tr>\n<tr>\n<td>Riz Boudin Noir avec poivrons du Piquillo<\/td>\n<td>2.70\u20ac<\/td>\n<\/tr>\n<tr>\n<td>Croquette ib\u00e9rique<\/td>\n<td>2.50\u20ac<\/td>\n<\/tr>\n<tr>\n<td>Pintxo de omelette aux pommes de terre<\/td>\n<td>2.50\u20ac<\/td>\n<\/tr>\n<tr>\n<td>Pintxo de omelette au cabillaud<\/td>\n<td>2.70\u20ac<\/td>\n<\/tr>\n<tr>\n<td>Brochette de gambas et de bacon<\/td>\n<td>4.25\u20ac<\/td>\n<\/tr>\n<tr>\n<td>Bifteck d&rsquo;aloyau avec pommes de terre et poivrons du Piquillo<\/td>\n<td>5.00\u20ac<\/td>\n<\/tr>\n<\/tbody>\n<\/table>\n<\/div>\n                <\/div><div class=\"eael-accordion-list\">\n                <div id=\"rations\" class=\"elementor-tab-title eael-accordion-header\" tabindex=\"0\" data-tab=\"3\" aria-controls=\"elementor-tab-content-7063\"><span class=\"eael-advanced-accordion-icon-closed\"><i aria-hidden=\"true\" class=\"fa-accordion-icon fas fa-plus\"><\/i><\/span><span class=\"eael-advanced-accordion-icon-opened\"><i aria-hidden=\"true\" class=\"fa-accordion-icon fas fa-minus\"><\/i><\/span><span class=\"eael-accordion-tab-title\">Rations<\/span><i aria-hidden=\"true\" class=\"fa-toggle fas fa-angle-right\"><\/i><\/div><div id=\"elementor-tab-content-7063\" class=\"eael-accordion-content clearfix\" data-tab=\"3\" aria-labelledby=\"rations\"><table border=\"0\" cellspacing=\"0\" cellpadding=\"0\">\n<tbody>\n<tr>\n<td>Bravas<\/td>\n<td>10.00\u20ac<\/td>\n<\/tr>\n<tr>\n<td>Croquettes ib\u00e9riques (6 unit\u00e9s)<\/td>\n<td>14.00\u20ac<\/td>\n<\/tr>\n<tr>\n<td>Calamar<\/td>\n<td>20.00\u20ac<\/td>\n<\/tr>\n<tr>\n<td>Poulpe grill\u00e9 avec pur\u00e9e de pommes de terre et paprika<\/td>\n<td>23.00\u20ac<\/td>\n<\/tr>\n<tr>\n<td>Salade russe<\/td>\n<td>10.00\u20ac<\/td>\n<\/tr>\n<tr>\n<td>Oeufs cass\u00e9s avec jambon et pommes de terre<\/td>\n<td>12.90\u20ac<\/td>\n<\/tr>\n<tr>\n<td>Oeufs brouill\u00e9s au boudin, aux piquillos et aux pommes de terre<\/td>\n<td>12.90\u20ac<\/td>\n<\/tr>\n<tr>\n<td>Soupe de poissons et de fruits de mer \u00e0 la mode de Donostiarra<\/td>\n<td>11.50\u20ac<\/td>\n<\/tr>\n<tr>\n<td>Txistorra<\/td>\n<td>10.00\u20ac<\/td>\n<\/tr>\n<tr>\n<td>Riz Boudin Noir avec poivrons du Piquillo<\/td>\n<td>11.00\u20ac<\/td>\n<\/tr>\n<tr>\n<td>Cald<\/td>\n<td>4.50\u20ac<\/td>\n<\/tr>\n<\/tbody>\n<\/table>\n<\/div>\n                <\/div><div class=\"eael-accordion-list\">\n                <div id=\"sandwichs-au-pain-de-mie-avec-frites\" class=\"elementor-tab-title eael-accordion-header\" tabindex=\"0\" data-tab=\"4\" aria-controls=\"elementor-tab-content-7064\"><span class=\"eael-advanced-accordion-icon-closed\"><i aria-hidden=\"true\" class=\"fa-accordion-icon fas fa-plus\"><\/i><\/span><span class=\"eael-advanced-accordion-icon-opened\"><i aria-hidden=\"true\" class=\"fa-accordion-icon fas fa-minus\"><\/i><\/span><span class=\"eael-accordion-tab-title\">Sandwichs au pain de mie avec frites<\/span><i aria-hidden=\"true\" class=\"fa-toggle fas fa-angle-right\"><\/i><\/div><div id=\"elementor-tab-content-7064\" class=\"eael-accordion-content clearfix\" data-tab=\"4\" aria-labelledby=\"sandwichs-au-pain-de-mie-avec-frites\"><table border=\"0\" cellspacing=\"0\" cellpadding=\"0\">\n<tbody>\n<tr>\n<td>Mixte (jambon cuit et fromage)<\/td>\n<td>6.95\u20ac<\/td>\n<\/tr>\n<tr>\n<td>V\u00e9g\u00e9tal (laitue, tomate, oignon, thon, \u0153uf dur et mayonnaise)<\/td>\n<td>7.95\u20ac<\/td>\n<\/tr>\n<tr>\n<td>Cubano (Jambon, \u0152uf frit, Fromage, Laitue, Tomate et Mayonnaise)<\/td>\n<td>8.95\u20ac<\/td>\n<\/tr>\n<\/tbody>\n<\/table>\n<\/div>\n                <\/div><div class=\"eael-accordion-list\">\n                <div id=\"sandwichs\" class=\"elementor-tab-title eael-accordion-header\" tabindex=\"0\" data-tab=\"5\" aria-controls=\"elementor-tab-content-7065\"><span class=\"eael-advanced-accordion-icon-closed\"><i aria-hidden=\"true\" class=\"fa-accordion-icon fas fa-plus\"><\/i><\/span><span class=\"eael-advanced-accordion-icon-opened\"><i aria-hidden=\"true\" class=\"fa-accordion-icon fas fa-minus\"><\/i><\/span><span class=\"eael-accordion-tab-title\">Sandwichs<\/span><i aria-hidden=\"true\" class=\"fa-toggle fas fa-angle-right\"><\/i><\/div><div id=\"elementor-tab-content-7065\" class=\"eael-accordion-content clearfix\" data-tab=\"5\" aria-labelledby=\"sandwichs\"><table border=\"0\" cellspacing=\"0\" cellpadding=\"0\">\n<tbody>\n<tr>\n<td>Omelette aux pommes de terre \/ assortiment<\/td>\n<td>7.90\u20ac<\/td>\n<\/tr>\n<tr>\n<td>Omelette au cabillaud<\/td>\n<td>8.90\u20ac<\/td>\n<\/tr>\n<tr>\n<td>Mixte ib\u00e9rique<\/td>\n<td>8.90\u20ac<\/td>\n<\/tr>\n<tr>\n<td>V\u00e9g\u00e9tal avec poulet<\/td>\n<td>8.90\u20ac<\/td>\n<\/tr>\n<tr>\n<td>Longe de porc, fromage et poivrons<\/td>\n<td>8.90\u20ac<\/td>\n<\/tr>\n<tr>\n<td>Poulet, bacon, fromage et poivrons<\/td>\n<td>8.90\u20ac<\/td>\n<\/tr>\n<tr>\n<td>Bacon, fromage et poivrons<\/td>\n<td>8.50\u20ac<\/td>\n<\/tr>\n<\/tbody>\n<\/table>\n<\/div>\n                <\/div><div class=\"eael-accordion-list\">\n                <div id=\"salades\" class=\"elementor-tab-title eael-accordion-header\" tabindex=\"0\" data-tab=\"6\" aria-controls=\"elementor-tab-content-7066\"><span class=\"eael-advanced-accordion-icon-closed\"><i aria-hidden=\"true\" class=\"fa-accordion-icon fas fa-plus\"><\/i><\/span><span class=\"eael-advanced-accordion-icon-opened\"><i aria-hidden=\"true\" class=\"fa-accordion-icon fas fa-minus\"><\/i><\/span><span class=\"eael-accordion-tab-title\">Salades<\/span><i aria-hidden=\"true\" class=\"fa-toggle fas fa-angle-right\"><\/i><\/div><div id=\"elementor-tab-content-7066\" class=\"eael-accordion-content clearfix\" data-tab=\"6\" aria-labelledby=\"salades\"><table border=\"0\" cellspacing=\"0\" cellpadding=\"0\">\n<tbody>\n<tr>\n<td>Mixte (laitue, tomate, oignon, asperges, \u0153uf, thon, olives)<\/td>\n<td>11.00\u20ac<\/td>\n<\/tr>\n<tr>\n<td>Tomate paysanne avec bonite, piment et oignon<\/td>\n<td>14.50\u20ac<\/td>\n<\/tr>\n<tr>\n<td>R\u00e9chauffement au fromage de ch\u00e8vre et aux fruits secs<\/td>\n<td>14.50\u20ac<\/td>\n<\/tr>\n<tr>\n<td>Calamars croustillants avec vinaigrette au poivre<\/td>\n<td>15.00\u20ac<\/td>\n<\/tr>\n<\/tbody>\n<\/table>\n<\/div>\n                <\/div><div class=\"eael-accordion-list\">\n                <div id=\"ptes\" class=\"elementor-tab-title eael-accordion-header\" tabindex=\"0\" data-tab=\"7\" aria-controls=\"elementor-tab-content-7067\"><span class=\"eael-advanced-accordion-icon-closed\"><i aria-hidden=\"true\" class=\"fa-accordion-icon fas fa-plus\"><\/i><\/span><span class=\"eael-advanced-accordion-icon-opened\"><i aria-hidden=\"true\" class=\"fa-accordion-icon fas fa-minus\"><\/i><\/span><span class=\"eael-accordion-tab-title\">P\u00e2tes<\/span><i aria-hidden=\"true\" class=\"fa-toggle fas fa-angle-right\"><\/i><\/div><div id=\"elementor-tab-content-7067\" class=\"eael-accordion-content clearfix\" data-tab=\"7\" aria-labelledby=\"ptes\"><table border=\"0\" cellspacing=\"0\" cellpadding=\"0\">\n<tbody>\n<tr>\n<td>Bolognaise au fromage<\/td>\n<td>10.95\u20ac<\/td>\n<\/tr>\n<tr>\n<td>Carbonara au fromage<\/td>\n<td>10.95\u20ac<\/td>\n<\/tr>\n<\/tbody>\n<\/table>\n<\/div>\n                <\/div><div class=\"eael-accordion-list\">\n                <div id=\"assiettes-varies\" class=\"elementor-tab-title eael-accordion-header\" tabindex=\"0\" data-tab=\"8\" aria-controls=\"elementor-tab-content-7068\"><span class=\"eael-advanced-accordion-icon-closed\"><i aria-hidden=\"true\" class=\"fa-accordion-icon fas fa-plus\"><\/i><\/span><span class=\"eael-advanced-accordion-icon-opened\"><i aria-hidden=\"true\" class=\"fa-accordion-icon fas fa-minus\"><\/i><\/span><span class=\"eael-accordion-tab-title\">Assiettes vari\u00e9es<\/span><i aria-hidden=\"true\" class=\"fa-toggle fas fa-angle-right\"><\/i><\/div><div id=\"elementor-tab-content-7068\" class=\"eael-accordion-content clearfix\" data-tab=\"8\" aria-labelledby=\"assiettes-varies\"><table border=\"0\" cellspacing=\"0\" cellpadding=\"0\">\n<tbody>\n<tr>\n<td>Longe de porc grill\u00e9e avec \u0153uf frit, pommes de terre et piquillos (poivrons frits)<\/td>\n<td>12.90\u20ac<\/td>\n<\/tr>\n<tr>\n<td>Poulet r\u00f4ti dans son jus avec pommes de terre et piquillos<\/td>\n<td>13.90\u20ac<\/td>\n<\/tr>\n<tr>\n<td>Blanc de poulet grill\u00e9 avec pommes de terre et piquillos (Piquillos)<\/td>\n<td>12.90\u20ac<\/td>\n<\/tr>\n<tr>\n<td>Short Rib de b\u0153uf grill\u00e9 avec pommes de terre et piquillos (piments)<\/td>\n<td>13.90\u20ac<\/td>\n<\/tr>\n<tr>\n<td>Escalope avec pommes de terre et croquettes<\/td>\n<td>13.50\u20ac<\/td>\n<\/tr>\n<tr>\n<td>Steak grill\u00e9 avec poivrons et salade<\/td>\n<td>13.50\u20ac<\/td>\n<\/tr>\n<\/tbody>\n<\/table>\n<\/div>\n                <\/div><\/div>\t\t<\/div>\n\t\t\t\t<\/div>\n\t\t\t\t<div class=\"elementor-element elementor-element-b648038 elementor-widget elementor-widget-text-editor\" data-id=\"b648038\" data-element_type=\"widget\" data-widget_type=\"text-editor.default\">\n\t\t\t\t<div class=\"elementor-widget-container\">\n\t\t\t<style>\/*! elementor - v3.17.0 - 08-11-2023 *\/\n.elementor-widget-text-editor.elementor-drop-cap-view-stacked .elementor-drop-cap{background-color:#69727d;color:#fff}.elementor-widget-text-editor.elementor-drop-cap-view-framed .elementor-drop-cap{color:#69727d;border:3px solid;background-color:transparent}.elementor-widget-text-editor:not(.elementor-drop-cap-view-default) .elementor-drop-cap{margin-top:8px}.elementor-widget-text-editor:not(.elementor-drop-cap-view-default) .elementor-drop-cap-letter{width:1em;height:1em}.elementor-widget-text-editor .elementor-drop-cap{float:left;text-align:center;line-height:1;font-size:50px}.elementor-widget-text-editor .elementor-drop-cap-letter{display:inline-block}<\/style>\t\t\t\t<p><em>*Suppl\u00e9ment Ingr\u00e9dient Extra<\/em> <strong>+1.90 \u20ac<\/strong><\/p>\n\t\t\t\t\t\t<\/div>\n\t\t\t\t<\/div>\n\t\t\t\t\t<\/div>\n\t\t<\/div>\n\t\t\t\t\t\t\t<\/div>\n\t\t<\/section>\n\t\t\t\t<section class=\"elementor-section elementor-top-section elementor-element elementor-element-6da3831 elementor-section-full_width elementor-section-height-default elementor-section-height-default\" data-id=\"6da3831\" data-element_type=\"section\" data-settings=\"{&quot;background_background&quot;:&quot;classic&quot;}\">\n\t\t\t\t\t\t\t<div class=\"elementor-background-overlay\"><\/div>\n\t\t\t\t\t\t\t<div class=\"elementor-container elementor-column-gap-default\">\n\t\t\t\t\t<div class=\"elementor-column elementor-col-100 elementor-top-column elementor-element elementor-element-4a717db\" data-id=\"4a717db\" data-element_type=\"column\">\n\t\t\t<div class=\"elementor-widget-wrap elementor-element-populated\">\n\t\t\t\t\t\t\t\t<section class=\"elementor-section elementor-inner-section elementor-element elementor-element-9667576 elementor-section-boxed elementor-section-height-default elementor-section-height-default\" data-id=\"9667576\" data-element_type=\"section\">\n\t\t\t\t\t\t<div class=\"elementor-container elementor-column-gap-default\">\n\t\t\t\t\t<div class=\"elementor-column elementor-col-100 elementor-inner-column elementor-element elementor-element-88f1e6a\" data-id=\"88f1e6a\" data-element_type=\"column\">\n\t\t\t<div class=\"elementor-widget-wrap elementor-element-populated\">\n\t\t\t\t\t\t\t\t<div class=\"elementor-element elementor-element-6a76b2e home-subtitle-el elementor-widget elementor-widget-heading\" data-id=\"6a76b2e\" data-element_type=\"widget\" data-widget_type=\"heading.default\">\n\t\t\t\t<div class=\"elementor-widget-container\">\n\t\t\t<h3 class=\"elementor-heading-title elementor-size-default\">R\u00c9SERVEZ VOTRE TABLE<\/h3>\t\t<\/div>\n\t\t\t\t<\/div>\n\t\t\t\t<div class=\"elementor-element elementor-element-6c9c1b1 home-title-el title-headline-el title-white elementor-widget elementor-widget-heading\" data-id=\"6c9c1b1\" data-element_type=\"widget\" data-widget_type=\"heading.default\">\n\t\t\t\t<div class=\"elementor-widget-container\">\n\t\t\t<h2 class=\"elementor-heading-title elementor-size-default\">NOTRE HORAIRE<\/h2>\t\t<\/div>\n\t\t\t\t<\/div>\n\t\t\t\t<div class=\"elementor-element elementor-element-1856cdb more-white-el elementor-widget elementor-widget-button\" data-id=\"1856cdb\" data-element_type=\"widget\" data-widget_type=\"button.default\">\n\t\t\t\t<div class=\"elementor-widget-container\">\n\t\t\t\t\t<div class=\"elementor-button-wrapper\">\n\t\t\t<a class=\"elementor-button elementor-button-link elementor-size-sm\" href=\"https:\/\/www.sidreriasalaberria.com\/fr\/reservations\/\">\n\t\t\t\t\t\t<span class=\"elementor-button-content-wrapper\">\n\t\t\t\t\t\t<span class=\"elementor-button-text\">R\u00c9SERVEZ TABLE<\/span>\n\t\t<\/span>\n\t\t\t\t\t<\/a>\n\t\t<\/div>\n\t\t\t\t<\/div>\n\t\t\t\t<\/div>\n\t\t\t\t\t<\/div>\n\t\t<\/div>\n\t\t\t\t\t\t\t<\/div>\n\t\t<\/section>\n\t\t\t\t<div class=\"elementor-element elementor-element-adf6bd5 elementor-widget elementor-widget-text-editor\" data-id=\"adf6bd5\" data-element_type=\"widget\" data-widget_type=\"text-editor.default\">\n\t\t\t\t<div class=\"elementor-widget-container\">\n\t\t\t\t\t\t\t<p>Lundi: 9:00 &#8211; 16:30 \/ 19:30 &#8211; 23:00<br \/>Mardi: 9:00 &#8211; 16:30 \/ 19:30 &#8211; 23:00<br \/>Mercredi: 9:00 &#8211; 16:30 \/ 19:30 &#8211; 23:00<br \/>Jeudi: 9:00 &#8211; 16:30 \/ 19:30 &#8211; 23:00<br \/>Vendredi: 9:00 &#8211; 16:30 \/ 19:30 &#8211; 23:00<br \/>Samedi: 10:00 &#8211; 16:30 \/ 19:30 &#8211; 23:00<br \/>Dimanche: 10:00 &#8211; 16:30 \/ Cerrado<\/p>\n\t\t\t\t\t\t<\/div>\n\t\t\t\t<\/div>\n\t\t\t\t\t<\/div>\n\t\t<\/div>\n\t\t\t\t\t\t\t<\/div>\n\t\t<\/section>\n\t\t\t\t\t\t\t<\/div>\n\t\t","protected":false},"excerpt":{"rendered":"<p>PROFITEZ DE NOTRE BAR La cidrerie Salaberria dispose d&rsquo;une grande caf\u00e9t\u00e9ria et d&rsquo;un espace bar avec des tables et un bar. Vous pouvez commencer la matin\u00e9e par un petit-d\u00e9jeuner vari\u00e9 et complet, ou prendre des en-cas et des tapas. Nous disposons d&rsquo;une carte de bar bien fournie qui comprend des en-cas chauds et froids, des tapas, des sandwichs et des&#8230;<\/p>\n","protected":false},"author":1,"featured_media":2655,"parent":0,"menu_order":0,"comment_status":"closed","ping_status":"closed","template":"my-templates\/template-fullscreen.php","meta":{"footnotes":""},"class_list":["post-2904","page","type-page","status-publish","has-post-thumbnail","hentry"],"acf":[],"_links":{"self":[{"href":"https:\/\/www.sidreriasalaberria.com\/fr\/wp-json\/wp\/v2\/pages\/2904","targetHints":{"allow":["GET"]}}],"collection":[{"href":"https:\/\/www.sidreriasalaberria.com\/fr\/wp-json\/wp\/v2\/pages"}],"about":[{"href":"https:\/\/www.sidreriasalaberria.com\/fr\/wp-json\/wp\/v2\/types\/page"}],"author":[{"embeddable":true,"href":"https:\/\/www.sidreriasalaberria.com\/fr\/wp-json\/wp\/v2\/users\/1"}],"replies":[{"embeddable":true,"href":"https:\/\/www.sidreriasalaberria.com\/fr\/wp-json\/wp\/v2\/comments?post=2904"}],"version-history":[{"count":12,"href":"https:\/\/www.sidreriasalaberria.com\/fr\/wp-json\/wp\/v2\/pages\/2904\/revisions"}],"predecessor-version":[{"id":3309,"href":"https:\/\/www.sidreriasalaberria.com\/fr\/wp-json\/wp\/v2\/pages\/2904\/revisions\/3309"}],"wp:featuredmedia":[{"embeddable":true,"href":"https:\/\/www.sidreriasalaberria.com\/fr\/wp-json\/wp\/v2\/media\/2655"}],"wp:attachment":[{"href":"https:\/\/www.sidreriasalaberria.com\/fr\/wp-json\/wp\/v2\/media?parent=2904"}],"curies":[{"name":"wp","href":"https:\/\/api.w.org\/{rel}","templated":true}]}}