{"id":3026,"date":"2023-09-21T13:38:05","date_gmt":"2023-09-21T13:38:05","guid":{"rendered":"https:\/\/www.sidreriasalaberria.com\/polatica-de-cookies\/"},"modified":"2023-09-22T16:12:29","modified_gmt":"2023-09-22T16:12:29","slug":"polatica-de-cookies","status":"publish","type":"page","link":"https:\/\/www.sidreriasalaberria.com\/eu\/polatica-de-cookies\/","title":{"rendered":"Pol\u00edtica de Cookies"},"content":{"rendered":"\t\t<div data-elementor-type=\"wp-page\" data-elementor-id=\"3026\" class=\"elementor elementor-3026 elementor-2986\" data-elementor-post-type=\"page\">\n\t\t\t\t\t\t\t\t\t<section class=\"elementor-section elementor-top-section elementor-element elementor-element-46f6cc15 elementor-section-boxed elementor-section-height-default elementor-section-height-default\" data-id=\"46f6cc15\" data-element_type=\"section\">\n\t\t\t\t\t\t<div class=\"elementor-container elementor-column-gap-default\">\n\t\t\t\t\t<div class=\"elementor-column elementor-col-100 elementor-top-column elementor-element elementor-element-2d168b12\" data-id=\"2d168b12\" data-element_type=\"column\">\n\t\t\t<div class=\"elementor-widget-wrap elementor-element-populated\">\n\t\t\t\t\t\t\t\t<div class=\"elementor-element elementor-element-37a988be elementor-widget elementor-widget-text-editor\" data-id=\"37a988be\" data-element_type=\"widget\" data-widget_type=\"text-editor.default\">\n\t\t\t\t<div class=\"elementor-widget-container\">\n\t\t\t<style>\/*! elementor - v3.17.0 - 08-11-2023 *\/\n.elementor-widget-text-editor.elementor-drop-cap-view-stacked .elementor-drop-cap{background-color:#69727d;color:#fff}.elementor-widget-text-editor.elementor-drop-cap-view-framed .elementor-drop-cap{color:#69727d;border:3px solid;background-color:transparent}.elementor-widget-text-editor:not(.elementor-drop-cap-view-default) .elementor-drop-cap{margin-top:8px}.elementor-widget-text-editor:not(.elementor-drop-cap-view-default) .elementor-drop-cap-letter{width:1em;height:1em}.elementor-widget-text-editor .elementor-drop-cap{float:left;text-align:center;line-height:1;font-size:50px}.elementor-widget-text-editor .elementor-drop-cap-letter{display:inline-block}<\/style>\t\t\t\t<div data-id=\"e56170c\" data-element_type=\"widget\" data-widget_type=\"text-editor.default\">\n<div class=\"elementor-element elementor-element-f288af6 elementor-widget elementor-widget-text-editor\" data-id=\"f288af6\" data-element_type=\"widget\" data-widget_type=\"text-editor.default\">\n<div class=\"elementor-widget-container\">\n<h2>Pol\u00edtica de Cookies<\/h2>\n<div> <\/div>\n<p>Debido a la entrada en vigor de la referente modificaci\u00f3n de la \u201cLey de Servicios de la Sociedad de la Informaci\u00f3n\u201d (LSSICE) establecida por el Real Decreto 13\/2012, es de obligaci\u00f3n obtener el consentimiento expreso del usuario de todas las p\u00e1ginas web que usan <em>cookies <\/em>prescindibles, antes de que este navegue por ellas.<\/p>\n<\/div>\n<\/div>\n<div class=\"elementor-element elementor-element-3f3bcb8 elementor-widget elementor-widget-heading\" data-id=\"3f3bcb8\" data-element_type=\"widget\" data-widget_type=\"heading.default\">\n<div class=\"elementor-widget-container\">\n<h3 class=\"elementor-heading-title elementor-size-default\">\u00bfQU\u00c9 SON LAS COOKIES?<\/h3>\n<\/div>\n<\/div>\n<div class=\"elementor-element elementor-element-eb2492c elementor-widget elementor-widget-text-editor\" data-id=\"eb2492c\" data-element_type=\"widget\" data-widget_type=\"text-editor.default\">\n<div class=\"elementor-widget-container\">\n<p>Las <em>cookies <\/em>y otras tecnolog\u00edas similares tales como local shared objects, flash <em>cookies <\/em>o p\u00edxeles, son herramientas empleadas por los servidores Web para almacenar y recuperar informaci\u00f3n acerca de sus visitantes, as\u00ed como para ofrecer un correcto funcionamiento del sitio.<\/p>\n<p>Mediante el uso de estos dispositivos se permite al servidor Web recordar algunos datos concernientes al usuario, como sus preferencias para la visualizaci\u00f3n de las p\u00e1ginas de ese servidor, nombre y contrase\u00f1a, productos que m\u00e1s le interesan, etc.<\/p>\n<\/div>\n<\/div>\n<div class=\"elementor-element elementor-element-4266f46 elementor-widget elementor-widget-heading\" data-id=\"4266f46\" data-element_type=\"widget\" data-widget_type=\"heading.default\">\n<div class=\"elementor-widget-container\">\n<h3 class=\"elementor-heading-title elementor-size-default\">COOKIES AFECTADAS POR LA NORMATIVA Y COOKIES EXCEPTUADAS<\/h3>\n<\/div>\n<\/div>\n<div class=\"elementor-element elementor-element-82ce07a elementor-widget elementor-widget-text-editor\" data-id=\"82ce07a\" data-element_type=\"widget\" data-widget_type=\"text-editor.default\">\n<div class=\"elementor-widget-container\">\n<p>Seg\u00fan la directiva de la UE, las <em>cookies <\/em>que requieren el consentimiento informado por parte del usuario son las <em>cookies <\/em>de anal\u00edtica y las de publicidad y afiliaci\u00f3n, quedando exceptuadas las de car\u00e1cter t\u00e9cnico y las necesarias para el funcionamiento del sitio web o la prestaci\u00f3n de servicios expresamente solicitados por el usuario.<\/p>\n<\/div>\n<\/div>\n<div class=\"elementor-element elementor-element-2d23b0a elementor-widget elementor-widget-heading\" data-id=\"2d23b0a\" data-element_type=\"widget\" data-widget_type=\"heading.default\">\n<div class=\"elementor-widget-container\">\n<h3 class=\"elementor-heading-title elementor-size-default\">\u00bfQU\u00c9 TIPOS DE COOKIES EXISTEN?<\/h3>\n<\/div>\n<\/div>\n<div class=\"elementor-element elementor-element-576449f elementor-widget elementor-widget-heading\" data-id=\"576449f\" data-element_type=\"widget\" data-widget_type=\"heading.default\">\n<div class=\"elementor-widget-container\">\n<h4 class=\"elementor-heading-title elementor-size-default\">SEG\u00daN LA FINALIDAD<\/h4>\n<\/div>\n<\/div>\n<div class=\"elementor-element elementor-element-5c9e13b elementor-widget elementor-widget-text-editor\" data-id=\"5c9e13b\" data-element_type=\"widget\" data-widget_type=\"text-editor.default\">\n<div class=\"elementor-widget-container\">\n<ul>\n<li><strong><em>Cookies <\/em>t\u00e9cnicas y funcionales<\/strong>: son aquellas que permiten al usuario la navegaci\u00f3n a trav\u00e9s de una p\u00e1gina web, plataforma o aplicaci\u00f3n y la utilizaci\u00f3n de las diferentes opciones o servicios que en ella existan.<\/li>\n<li><strong><em>Cookies <\/em>anal\u00edticas<\/strong>: son aquellas que permiten al responsable de las mismas el seguimiento y an\u00e1lisis del comportamiento de los usuarios de los sitios web a los que est\u00e1n vinculadas. La informaci\u00f3n recogida mediante este tipo de <em>cookies <\/em> se utiliza en la medici\u00f3n de la actividad de los sitios web, aplicaci\u00f3n o plataforma y para la elaboraci\u00f3n de perfiles de navegaci\u00f3n de los usuarios de dichos sitios, aplicaciones y plataformas, con el fin de introducir mejoras en funci\u00f3n del an\u00e1lisis de los datos de uso que hacen los usuarios del servicio.<\/li>\n<li><strong><em>Cookies <\/em>publicitarias<\/strong>: son aquellas que permiten la gesti\u00f3n, de la forma m\u00e1s eficaz posible, de los espacios publicitarios que, en su caso, el editor haya incluido en una p\u00e1gina web, aplicaci\u00f3n o plataforma desde la que presta el servicio solicitado en base a criterios como el contenido editado o la frecuencia en la que se muestran los anuncios.<\/li>\n<li><strong><em>Cookies <\/em>de publicidad comportamental<\/strong>: recogen informaci\u00f3n sobre las preferencias y elecciones personales del usuario (retargeting) para permitir la gesti\u00f3n, de la forma m\u00e1s eficaz posible, de los espacios publicitarios que, en su caso, el editor haya incluido en una p\u00e1gina web, aplicaci\u00f3n o plataforma desde la que presta el servicio solicitado.<\/li>\n<li><strong><em>Cookies <\/em>sociales<\/strong>: son establecidas por las plataformas de redes sociales en los servicios para permitirle compartir contenido con sus amigos y redes. Las plataformas de medios sociales tienen la capacidad de rastrear su actividad en l\u00ednea fuera de los Servicios. Esto puede afectar al contenido y los mensajes que ve en otros servicios que visita.<\/li>\n<li><strong><em>Cookies <\/em>de afiliados<\/strong>: permiten hacer un seguimiento de las visitas procedentes de otras webs, con las que el sitio web establece un contrato de afiliaci\u00f3n (empresas de afiliaci\u00f3n).<\/li>\n<li><strong><em>Cookies <\/em>de seguridad<\/strong>: almacenan informaci\u00f3n cifrada para evitar que los datos guardados en ellas sean vulnerables a ataques maliciosos de terceros.<\/li>\n<\/ul>\n<\/div>\n<\/div>\n<div class=\"elementor-element elementor-element-5263417 elementor-widget elementor-widget-heading\" data-id=\"5263417\" data-element_type=\"widget\" data-widget_type=\"heading.default\">\n<div class=\"elementor-widget-container\">\n<h4 class=\"elementor-heading-title elementor-size-default\">SEG\u00daN LA PROPIEDAD<\/h4>\n<\/div>\n<\/div>\n<div class=\"elementor-element elementor-element-ee34c81 elementor-widget elementor-widget-text-editor\" data-id=\"ee34c81\" data-element_type=\"widget\" data-widget_type=\"text-editor.default\">\n<div class=\"elementor-widget-container\">\n<ul>\n<li><strong><em>Cookies <\/em>propias:<\/strong> son aquellas que se env\u00edan al equipo terminal del usuario desde un equipo o dominio gestionado por el propio editor y desde el que se presta el servicio solicitado por el usuario.<\/li>\n<li><strong><em>Cookies <\/em>de terceros<\/strong>: son aquellas que se env\u00edan al equipo terminal del usuario desde un equipo o dominio que no es gestionado por el editor, sino por otra entidad que trata los datos obtenidos trav\u00e9s de las <em>cookies<\/em>.<\/li>\n<\/ul>\n<\/div>\n<\/div>\n<div class=\"elementor-element elementor-element-dcbd83d elementor-widget elementor-widget-heading\" data-id=\"dcbd83d\" data-element_type=\"widget\" data-widget_type=\"heading.default\">\n<div class=\"elementor-widget-container\">\n<h4 class=\"elementor-heading-title elementor-size-default\">SEG\u00daN EL PLAZO DE CONSERVACI\u00d3N<\/h4>\n<\/div>\n<\/div>\n<div class=\"elementor-element elementor-element-7e8bbd5 elementor-widget elementor-widget-text-editor\" data-id=\"7e8bbd5\" data-element_type=\"widget\" data-widget_type=\"text-editor.default\">\n<div class=\"elementor-widget-container\">\n<ul>\n<li><strong><em>Cookies <\/em>de sesi\u00f3n<\/strong>: son un tipo de <em>cookies <\/em>dise\u00f1adas para recabar y almacenar datos mientras el usuario accede a una p\u00e1gina web.<\/li>\n<li><strong><em>Cookies <\/em>persistentes<\/strong>: son un tipo de <em>cookies <\/em>en el que los datos siguen almacenados en el terminal y pueden ser accedidos y tratados durante un per\u00edodo definido por el responsable de la <em>cookie<\/em>, y que puede ir de unos minutos a varios a\u00f1os.<\/li>\n<\/ul>\n<\/div>\n<\/div>\n<div class=\"elementor-element elementor-element-7ad733e elementor-widget elementor-widget-heading\" data-id=\"7ad733e\" data-element_type=\"widget\" data-widget_type=\"heading.default\">\n<div class=\"elementor-widget-container\">\n<h3 class=\"elementor-heading-title elementor-size-default\">C\u00d3MO GESTIONAR LAS COOKIES DESDE EL NAVEGADOR<\/h3>\n<\/div>\n<\/div>\n<div class=\"elementor-element elementor-element-04552e9 elementor-widget elementor-widget-text-editor\" data-id=\"04552e9\" data-element_type=\"widget\" data-widget_type=\"text-editor.default\">\n<div class=\"elementor-widget-container\">\n<ul>\n<li><strong>Eliminar las <em>cookies <\/em>del dispositivo<\/strong>: Las <em>cookies <\/em>que ya est\u00e1n en un dispositivo se pueden eliminar borrando el historial del navegador, con lo que se suprimen las <em>cookies <\/em>de todos los sitios web visitados. Sin embargo, tambi\u00e9n se puede perder parte de la informaci\u00f3n guardada (por ejemplo, los datos de inicio de sesi\u00f3n o las preferencias de sitio web).<\/li>\n<li><strong>Gestionar las <em>cookies <\/em>espec\u00edficas del sitio<\/strong>: Para tener un control m\u00e1s preciso de las <em>cookies <\/em>espec\u00edficas de cada sitio, los usuarios pueden ajustar su configuraci\u00f3n de privacidad y <em>cookies <\/em>en el navegador.<\/li>\n<li><strong>Bloquear las <em>cookies<\/em><\/strong>: Aunque la mayor\u00eda de los navegadores modernos se pueden configurar para evitar que se instalen <em>cookies <\/em>en los dispositivos, eso puede obligar al ajuste manual de determinadas preferencias cada vez que se visite un sitio o p\u00e1gina. Adem\u00e1s, algunos servicios y caracter\u00edsticas pueden no funcionar correctamente (por ejemplo, los inicios de sesi\u00f3n con perfil). <\/li>\n<\/ul>\n<\/div>\n<\/div>\n<div class=\"elementor-element elementor-element-9e1c3e5 elementor-widget elementor-widget-heading\" data-id=\"9e1c3e5\" data-element_type=\"widget\" data-widget_type=\"heading.default\">\n<div class=\"elementor-widget-container\">\n<h3 class=\"elementor-heading-title elementor-size-default\">C\u00d3MO ELIMINAR LAS COOKIES DE LOS NAVEGADORES M\u00c1S COMUNES <\/h3>\n<\/div>\n<\/div>\n<div class=\"elementor-element elementor-element-8eb943d elementor-widget elementor-widget-text-editor\" data-id=\"8eb943d\" data-element_type=\"widget\" data-widget_type=\"text-editor.default\">\n<div class=\"elementor-widget-container\">\n<h4><span id=\"Chrome\" class=\"ez-toc-section\"><\/span>CHROME<\/h4>\n<p>1. Seleccione el icono de Herramientas<br \/>2. Haga clic en Configuraci\u00f3n.<br \/>3. Haga clic en Mostrar Opciones Avanzadas.<br \/>4. En la secci\u00f3n \u201cPrivacidad\u201d haz clic en Configuraci\u00f3n de contenido.<\/p>\n<ul>\n<li>Eliminar cookies: Haga clic en Todas las cookies y los datos de sitios\u2026<\/li>\n<li>No permitir que se almacenen cookies.<\/li>\n<\/ul>\n<p>5. Haga clic en Eliminar datos de navegaci\u00f3n (vaciar la Cach\u00e9).<br \/>6. Cierre y reinicie el navegador.<\/p>\n<div>Para m\u00e1s informaci\u00f3n sobre Chrome pulse aqu\u00ed: <a href=\"http:\/\/support.google.com\/chrome\/answer\/95647?hl=es\" target=\"_blank\" rel=\"noreferrer noopener nofollow\">http:\/\/support.google.com\/chrome\/answer\/95647?hl=es<\/a><\/div>\n<div> <\/div>\n<h4><span id=\"Internet_Explorer_Version_11\" class=\"ez-toc-section\"><\/span>INTERNET EXPLORER. VERSI\u00d3N 11<\/h4>\n<p>1. Seleccione Herramientas | Opciones de Internet.<br \/>2. Haga clic en la ficha General.<br \/>3. En la secci\u00f3n \u201cHistorial de exploraci\u00f3n\u201d, haga clic en Eliminar el historial de exploraci\u00f3n al salir.<br \/>4. Seleccione Eliminar archivos.<br \/>5. Seleccione Eliminar cookies.<br \/>6. Haga clic en Eliminar.<br \/>7. Haga clic en Aceptar.<br \/>8. Cierre y reinicie el navegador.<\/p>\n<p>Para m\u00e1s informaci\u00f3n sobre Internet Explorer pulse aqu\u00ed: <a href=\"https:\/\/support.microsoft.com\/es-es\/help\/278835\/how-to-delete-cookie-files-in-internet-explorer\" target=\"_blank\" rel=\"noreferrer noopener nofollow\">https:\/\/support.microsoft.com\/es-es\/help\/278835\/how-to-delete-cookie-files-in-internet-explorer<\/a><\/p>\n<h4 id=\"cookies-mozilla-firefox-habilitar-deshabilitar\"><span id=\"Mozilla_Firefox_Version_18\" class=\"ez-toc-section\"><\/span>MOZILLA FIREFOX. VERSI\u00d3N 18<\/h4>\n<p>1. Seleccione Firefox | Historial | Limpiar el historial reciente.<br \/>2. Al lado de \u201cDetalles\u201d, haga clic en la flecha hacia abajo.<br \/>3. Seleccione las siguientes casillas de verificaci\u00f3n: Cookies, Cach\u00e9, Inicios de sesi\u00f3n activos<br \/>4. Usando el \u201cIntervalo de tiempo para borrar\u201d en el men\u00fa desplegable, seleccione Todo.<br \/>5. Haga clic en Borrar ahora.<br \/>6. Cierre y reinicie el navegador.<\/p>\n<p>Puede aceptar o rechazar las <em>cookies<\/em> individualmente en las Preferencias de Firefox, en la secci\u00f3n Historial disponible en Herramientas &gt; Opciones &gt; Privacidad.<\/p>\n<p>Para m\u00e1s informaci\u00f3n sobre Mozilla Firefox pulse aqu\u00ed: <a href=\"https:\/\/www.mozilla.org\/es-ES\/privacy\/websites\/#cookies\" target=\"_blank\" rel=\"noreferrer noopener nofollow\">https:\/\/www.mozilla.org\/es-ES\/privacy\/websites\/#cookies<\/a><\/p>\n<h4 id=\"cookies-apple-safari\"><span id=\"Safari_Version_51\" class=\"ez-toc-section\"><\/span>SAFARI VERSI\u00d3N 5.1<\/h4>\n<p>1. Seleccione el icono de Safari \/ Editar | Restaurar Safari.<br \/>2. Seleccione las siguientes casillas de verificaci\u00f3n: Borrar el historial, Eliminar todos los datos de sitio web<br \/>3. Haga clic en Restablecer.<br \/>4. Cierre y reinicie el navegador.<\/p>\n<p>Para m\u00e1s informaci\u00f3n sobre Safari pulse aqu\u00ed: <a href=\"https:\/\/www.apple.com\/legal\/privacy\/en-ww\/cookies\/\" target=\"_blank\" rel=\"noreferrer noopener nofollow\">https:\/\/www.apple.com\/legal\/privacy\/en-ww\/cookies\/<\/a><\/p>\n<h4><span id=\"Opera\" class=\"ez-toc-section\"><\/span>OPERA<\/h4>\n<p>Opciones \u2013 Avanzado \u2013 Cookies.<br \/>Las opciones de <em>cookies<\/em> controlan el modo en que Opera los maneja y por lo tanto su aceptaci\u00f3n o rechazo.<\/p>\n<p>Para m\u00e1s informaci\u00f3n sobre Opera pulse aqu\u00ed:<a href=\"https:\/\/help.opera.com\/en\/latest\/security-and-privacy\/#clearBrowsingData\" target=\"_blank\" rel=\"noreferrer noopener nofollow\"> https:\/\/help.opera.com\/en\/latest\/security-and-privacy\/#clearBrowsingData<\/a><\/p>\n<\/div>\n<\/div>\n<\/div>\n\t\t\t\t\t\t<\/div>\n\t\t\t\t<\/div>\n\t\t\t\t\t<\/div>\n\t\t<\/div>\n\t\t\t\t\t\t\t<\/div>\n\t\t<\/section>\n\t\t\t\t\t\t\t<\/div>\n\t\t","protected":false},"excerpt":{"rendered":"<p>Pol\u00edtica de Cookies Debido a la entrada en vigor de la referente modificaci\u00f3n de la \u201cLey de Servicios de la Sociedad de la Informaci\u00f3n\u201d (LSSICE) establecida por el Real Decreto 13\/2012, es de obligaci\u00f3n obtener el consentimiento expreso del usuario de todas las p\u00e1ginas web que usan cookies prescindibles, antes de que este navegue por ellas. \u00bfQU\u00c9 SON LAS COOKIES?&#8230;<\/p>\n","protected":false},"author":1,"featured_media":2578,"parent":0,"menu_order":0,"comment_status":"closed","ping_status":"closed","template":"my-templates\/template-reservation.php","meta":{"footnotes":""},"class_list":["post-3026","page","type-page","status-publish","has-post-thumbnail","hentry"],"acf":[],"_links":{"self":[{"href":"https:\/\/www.sidreriasalaberria.com\/eu\/wp-json\/wp\/v2\/pages\/3026","targetHints":{"allow":["GET"]}}],"collection":[{"href":"https:\/\/www.sidreriasalaberria.com\/eu\/wp-json\/wp\/v2\/pages"}],"about":[{"href":"https:\/\/www.sidreriasalaberria.com\/eu\/wp-json\/wp\/v2\/types\/page"}],"author":[{"embeddable":true,"href":"https:\/\/www.sidreriasalaberria.com\/eu\/wp-json\/wp\/v2\/users\/1"}],"replies":[{"embeddable":true,"href":"https:\/\/www.sidreriasalaberria.com\/eu\/wp-json\/wp\/v2\/comments?post=3026"}],"version-history":[{"count":3,"href":"https:\/\/www.sidreriasalaberria.com\/eu\/wp-json\/wp\/v2\/pages\/3026\/revisions"}],"predecessor-version":[{"id":3099,"href":"https:\/\/www.sidreriasalaberria.com\/eu\/wp-json\/wp\/v2\/pages\/3026\/revisions\/3099"}],"wp:featuredmedia":[{"embeddable":true,"href":"https:\/\/www.sidreriasalaberria.com\/eu\/wp-json\/wp\/v2\/media\/2578"}],"wp:attachment":[{"href":"https:\/\/www.sidreriasalaberria.com\/eu\/wp-json\/wp\/v2\/media?parent=3026"}],"curies":[{"name":"wp","href":"https:\/\/api.w.org\/{rel}","templated":true}]}}