{"id":3006,"date":"2023-09-21T13:26:56","date_gmt":"2023-09-21T13:26:56","guid":{"rendered":"https:\/\/www.sidreriasalaberria.com\/aviso-legal\/"},"modified":"2023-09-22T16:12:22","modified_gmt":"2023-09-22T16:12:22","slug":"aviso-legal","status":"publish","type":"page","link":"https:\/\/www.sidreriasalaberria.com\/eu\/aviso-legal\/","title":{"rendered":"Aviso Legal"},"content":{"rendered":"\t\t<div data-elementor-type=\"wp-page\" data-elementor-id=\"3006\" class=\"elementor elementor-3006 elementor-2975\" data-elementor-post-type=\"page\">\n\t\t\t\t\t\t\t\t\t<section class=\"elementor-section elementor-top-section elementor-element elementor-element-46f6cc15 elementor-section-boxed elementor-section-height-default elementor-section-height-default\" data-id=\"46f6cc15\" data-element_type=\"section\">\n\t\t\t\t\t\t<div class=\"elementor-container elementor-column-gap-default\">\n\t\t\t\t\t<div class=\"elementor-column elementor-col-100 elementor-top-column elementor-element elementor-element-2d168b12\" data-id=\"2d168b12\" data-element_type=\"column\">\n\t\t\t<div class=\"elementor-widget-wrap elementor-element-populated\">\n\t\t\t\t\t\t\t\t<div class=\"elementor-element elementor-element-37a988be elementor-widget elementor-widget-text-editor\" data-id=\"37a988be\" data-element_type=\"widget\" data-widget_type=\"text-editor.default\">\n\t\t\t\t<div class=\"elementor-widget-container\">\n\t\t\t<style>\/*! elementor - v3.17.0 - 08-11-2023 *\/\n.elementor-widget-text-editor.elementor-drop-cap-view-stacked .elementor-drop-cap{background-color:#69727d;color:#fff}.elementor-widget-text-editor.elementor-drop-cap-view-framed .elementor-drop-cap{color:#69727d;border:3px solid;background-color:transparent}.elementor-widget-text-editor:not(.elementor-drop-cap-view-default) .elementor-drop-cap{margin-top:8px}.elementor-widget-text-editor:not(.elementor-drop-cap-view-default) .elementor-drop-cap-letter{width:1em;height:1em}.elementor-widget-text-editor .elementor-drop-cap{float:left;text-align:center;line-height:1;font-size:50px}.elementor-widget-text-editor .elementor-drop-cap-letter{display:inline-block}<\/style>\t\t\t\t\n<div data-id=\"e56170c\" data-element_type=\"widget\" data-widget_type=\"text-editor.default\">\n<div>\n<h2>Aviso Legal<\/h2>\n<p><strong>RESPONSABLE:<\/strong> MONS S.L.<br><strong>CIF: <\/strong>B20072971<br><strong>DIRECCI\u00d3N: <\/strong>PASEO ZUBIAURRE, 72 20015 <b>Donostia<\/b><br><strong>TELEFONO:<\/strong>943691050<br><strong>EMAIL:<\/strong>info@sidreriasalaberria.com<\/p>\n<\/div>\n<\/div>\n<div data-id=\"f7cd7d7\" data-element_type=\"widget\" data-widget_type=\"heading.default\">\n<div>\n<h3>OBJETO<\/h3>\n<\/div>\n<\/div>\n<div data-id=\"26db7cc\" data-element_type=\"widget\" data-widget_type=\"text-editor.default\">\n<div>\n<p>MONS S.L. responsable del sitio web, pone a disposici\u00f3n de los usuarios el presente documento con el que pretende dar cumplimiento a las obligaciones dispuestas en la Ley 34\/2002, de Servicios de la Sociedad de la Informaci\u00f3n y del Comercio Electr\u00f3nico (LSSI-CE), as\u00ed como informar a todos los usuarios respecto a cu\u00e1les son las condiciones de uso del mismo.<\/p>\n<p>Toda persona que acceda al sitio Web asume el papel de usuario, comprometi\u00e9ndose a la observancia y cumplimiento riguroso de las disposiciones aqu\u00ed dispuestas, as\u00ed como a cualesquiera otra disposici\u00f3n legal que fuera de aplicaci\u00f3n.<\/p>\n<p>MONS S.L. se reserva el derecho a modificar cualquier tipo de informaci\u00f3n que pudiera aparecer en su p\u00e1gina web sin que exista obligaci\u00f3n de preavisar o poner en conocimiento de los usuarios dichas obligaciones, entendi\u00e9ndose como suficiente con la publicaci\u00f3n.<\/p>\n<\/div>\n<\/div>\n<div data-id=\"465825c\" data-element_type=\"widget\" data-widget_type=\"heading.default\">\n<div>\n<h3>RESPONSABILIDAD<\/h3>\n<\/div>\n<\/div>\n<div data-id=\"123c1e9\" data-element_type=\"widget\" data-widget_type=\"text-editor.default\">\n<div>\n<p>MONS S.L. se exime de cualquier tipo de responsabilidad derivada de la informaci\u00f3n publicada en su sitio Web siempre que esta informaci\u00f3n haya sido manipulada o introducida por un tercero ajeno al mismo.<\/p>\n<p>Puede utilizar cookies Pol\u00edtica de Cookies, para llevar a cabo determinadas funciones que son consideradas imprescindibles para el correcto funcionamiento y visualizaci\u00f3n del sitio. <a title=\"Ir a la Pol\u00edtica de Cookies de Cei\" href=\"https:\/\/www.sidreriasalaberria.com\/eu\/polatica-de-cookies\/\" target=\"_blank\" rel=\"noopener noreferrer\">Ver pol\u00edtica de cookies<\/a><\/p>\n<\/div>\n<\/div>\n<div data-id=\"89f0ae4\" data-element_type=\"widget\" data-widget_type=\"text-editor.default\">\n<div>\n<h3>PROPIEDAD INTELECTUAL<\/h3>\n<p>MONS S.L. es propietaria de toda la informaci\u00f3n contenida en este portal.<\/p>\n<p>En virtud de lo dispuesto en los art\u00edculos 8 y 32.1, p\u00e1rrafo segundo, de la Ley de Propiedad Intelectual, quedan expresamente prohibidas la reproducci\u00f3n, la distribuci\u00f3n y la comunicaci\u00f3n p\u00fablica, incluida su modalidad de puesta a disposici\u00f3n, de la totalidad o parte de los contenidos de esta p\u00e1gina Web, con fines comerciales, en cualquier soporte y por cualquier medio t\u00e9cnico, sin la autorizaci\u00f3n de MONS S.L.. El Usuario se compromete a respetar los derechos de Propiedad Intelectual e Industrial titularidad MONS S.L..<\/p>\n<p>Asimismo, el Usuario deber\u00e1 abstenerse de suprimir, alterar, eludir o manipular cualquier dispositivo de protecci\u00f3n o sistema de seguridad que estuviera instalado en el portal de MONS S.L..<\/p>\n<h3>EXCLUSI\u00d3N DE GARANT\u00cdAS Y DE RESPONSABILIDAD<\/h3>\n<p>MONS S.L. no garantiza la disponibilidad y continuidad del funcionamiento del Portal y de los Servicios. Cuando ello sea razonablemente posible advertir\u00e1 previamente acerca de las interrupciones en el funcionamiento del Portal y de los Servicios.<\/p>\n<p>MONS S.L. excluye cualquier responsabilidad por los da\u00f1os y perjuicios de toda naturaleza que puedan deberse a la presencia de virus o a la presencia de otros elementos en los contenidos que puedan producir alteraciones en el sistema inform\u00e1tico del Usuario, pese a haber adoptado previamente las medidas t\u00e9cnicas necesarias para evitarlo.<\/p>\n<p>MONS S.L. se reserva el derecho de efectuar, sin previo aviso, las modificaciones que considere oportunas en su portal, pudiendo modificar, suprimir o a\u00f1adir tanto los contenidos y servicios que se presten a trav\u00e9s de la misma como la forma en la que \u00e9stos aparezcan presentados o localizados en su Portal.<\/p>\n<h3>PROTECCI\u00d3N DE DATOS PERSONALES<\/h3>\n<p>MONS S.L. se encuentra profundamente comprometido con el cumplimiento de la normativa de protecci\u00f3n de datos de car\u00e1cter personal, y garantiza el cumplimiento \u00edntegro de las obligaciones dispuestas a tenor de la Ley Org\u00e1nica 15\/1999, de 13 de diciembre, de Protecci\u00f3n de Datos de Car\u00e1cter Personal y del Reglamento General de Protecci\u00f3n de datos (UE) 679\/2016, de 27 de abril.<\/p>\n<p>MONS S.L. le informa que da cumplimiento a la Ley 34\/2002 de 11 de Julio, de servicios de la Sociedad de la Informaci\u00f3n y del Comercio Electr\u00f3nico.<\/p>\n<p>Los datos facilitados por los interesados al contactar por mail o cumplimentar un formulario de contacto, ser\u00e1n objeto de tratamiento por parte de MONS S.L. Los datos personales, ser\u00e1n utilizados para contestar a la solicitud de la informaci\u00f3n planteada, siendo la base jur\u00eddica el consentimiento del interesado al remitirnos un correo electr\u00f3nico o aceptar nuestra pol\u00edtica de privacidad. La aceptaci\u00f3n de nuestra pol\u00edtica de privacidad implica su consentimiento expreso al tratamiento de sus datos para las finalidades descritas.<\/p>\n<p>Conservaremos sus datos de contacto para informarle peri\u00f3dicamente sobre los productos y servicios, propios o de terceros que entendamos puedan resultar de su inter\u00e9s.<\/p>\n<p>En cualquier momento se podr\u00e1n ejercer los derechos de acceso, rectificaci\u00f3n, oposici\u00f3n, portabilidad o limitaci\u00f3n al tratamiento. Para poder tramitar la solicitud de ejercicio de derechos, ser\u00e1 necesario comprobar la identidad del usuario, por lo que dicha comunicaci\u00f3n deber\u00e1 incluir nombre y apellidos, petici\u00f3n en que se concreta la solicitud, direcci\u00f3n a efectos de notificaciones, fecha, firma y fotocopia del DNI u otro documento v\u00e1lido identificativo. Se podr\u00e1 enviar el escrito por correo ordinario a la direcci\u00f3n C\/ Antonio Maria Labaien 14, 3\u00baA, 20018 Donostia o por correo electr\u00f3nico a <a href=\"mailto:info@sidreriasalaberria.com\">info@sidreriasalaberria.com<\/a><\/p>\n<p>Si considera que hay un problema con la forma en que MONS S.L. est\u00e1 tratando sus datos, puede dirigir sus reclamaciones a la autoridad de protecci\u00f3n de datos que corresponda, siendo la Agencia Espa\u00f1ola de Protecci\u00f3n de Datos la indicada en el caso de territorio espa\u00f1ol.<\/p>\n<p>Cualquier modificaci\u00f3n por su parte en los datos de car\u00e1cter personal, deber\u00e1 ser puesta en conocimiento por parte del titular de los mismos al responsable de tratamiento de datos.<\/p>\n<p>MONS S.L. se reserva el derecho de modificar su pol\u00edtica de privacidad o condiciones de uso por motivos de adaptaci\u00f3n a la legislaci\u00f3n vigente. Se recomienda al usuario de este sitio web la revisi\u00f3n peri\u00f3dica de esta p\u00e1gina, ya que el uso de este sitio web por parte del usuario se entender\u00e1 como aceptaci\u00f3n de la pol\u00edtica de privacidad. Aseguramos la absoluta confidencialidad y privacidad de los datos personales recogidos. Se han adoptado las medidas de seguridad con el fin de evitar la alteraci\u00f3n, p\u00e9rdida, tratamiento o acceso no autorizado. Sin embargo, MONS S.L. no ser\u00e1 responsable de las incidencias que puedan surgir en torno a datos personales cuando estas se deriven, o bien de un ataque o acceso no autorizado a los sistemas de tal forma que resulte imposible detectarlo o impedirlo a\u00fan adopt\u00e1ndose las medidas seg\u00fan el estado de la tecnolog\u00eda actual.<\/p>\n<\/div>\n<\/div>\n\t\t\t\t\t\t<\/div>\n\t\t\t\t<\/div>\n\t\t\t\t\t<\/div>\n\t\t<\/div>\n\t\t\t\t\t\t\t<\/div>\n\t\t<\/section>\n\t\t\t\t\t\t\t<\/div>\n\t\t","protected":false},"excerpt":{"rendered":"<p>Aviso Legal RESPONSABLE: MONS S.L.CIF: B20072971DIRECCI\u00d3N: PASEO ZUBIAURRE, 72 20015 DonostiaTELEFONO:943691050EMAIL:info@sidreriasalaberria.com OBJETO MONS S.L. responsable del sitio web, pone a disposici\u00f3n de los usuarios el presente documento con el que pretende dar cumplimiento a las obligaciones dispuestas en la Ley 34\/2002, de Servicios de la Sociedad de la Informaci\u00f3n y del Comercio Electr\u00f3nico (LSSI-CE), as\u00ed como informar a todos los&#8230;<\/p>\n","protected":false},"author":1,"featured_media":2578,"parent":0,"menu_order":0,"comment_status":"closed","ping_status":"closed","template":"my-templates\/template-reservation.php","meta":{"footnotes":""},"class_list":["post-3006","page","type-page","status-publish","has-post-thumbnail","hentry"],"acf":[],"_links":{"self":[{"href":"https:\/\/www.sidreriasalaberria.com\/eu\/wp-json\/wp\/v2\/pages\/3006","targetHints":{"allow":["GET"]}}],"collection":[{"href":"https:\/\/www.sidreriasalaberria.com\/eu\/wp-json\/wp\/v2\/pages"}],"about":[{"href":"https:\/\/www.sidreriasalaberria.com\/eu\/wp-json\/wp\/v2\/types\/page"}],"author":[{"embeddable":true,"href":"https:\/\/www.sidreriasalaberria.com\/eu\/wp-json\/wp\/v2\/users\/1"}],"replies":[{"embeddable":true,"href":"https:\/\/www.sidreriasalaberria.com\/eu\/wp-json\/wp\/v2\/comments?post=3006"}],"version-history":[{"count":5,"href":"https:\/\/www.sidreriasalaberria.com\/eu\/wp-json\/wp\/v2\/pages\/3006\/revisions"}],"predecessor-version":[{"id":3087,"href":"https:\/\/www.sidreriasalaberria.com\/eu\/wp-json\/wp\/v2\/pages\/3006\/revisions\/3087"}],"wp:featuredmedia":[{"embeddable":true,"href":"https:\/\/www.sidreriasalaberria.com\/eu\/wp-json\/wp\/v2\/media\/2578"}],"wp:attachment":[{"href":"https:\/\/www.sidreriasalaberria.com\/eu\/wp-json\/wp\/v2\/media?parent=3006"}],"curies":[{"name":"wp","href":"https:\/\/api.w.org\/{rel}","templated":true}]}}